{"id":12,"date":"2024-05-18T23:08:32","date_gmt":"2024-05-18T23:08:32","guid":{"rendered":"https:\/\/www.osirisgonzalez.com\/?page_id=12"},"modified":"2024-06-28T02:19:34","modified_gmt":"2024-06-28T02:19:34","slug":"home","status":"publish","type":"page","link":"https:\/\/www.osirisgonzalez.com\/en\/","title":{"rendered":""},"content":{"rendered":"<div data-elementor-type=\"wp-page\" data-elementor-id=\"12\" class=\"elementor elementor-12\">\n\t\t\t\t<div class=\"elementor-element elementor-element-d943a24 e-con-full e-flex e-con e-parent\" data-id=\"d943a24\" data-element_type=\"container\">\n\t\t\t\t<div class=\"elementor-element elementor-element-238e3c4 elementor-widget__width-inherit elementor-widget elementor-widget-gva-heading-block\" data-id=\"238e3c4\" data-element_type=\"widget\" data-widget_type=\"gva-heading-block.default\">\n\t\t\t\t<div class=\"elementor-widget-container\">\n\t\t\t\t\t<div class=\"gva-element-gva-heading-block gva-element\">   <div class=\"align-center style-1 widget gsc-heading box-align-center auto-responsive\">\r\n      <div class=\"content-inner\">\r\n         \r\n                  \r\n           \r\n         \r\n                     <h2 class=\"title\">\r\n               <span>Osiris Gonz\u00e1lez Romero<\/span>\r\n            <\/h2>\r\n                  \r\n         \r\n         \r\n      <\/div>\r\n   <\/div>\r\n<\/div>\t\t\t\t<\/div>\n\t\t\t\t<\/div>\n\t\t\t\t<\/div>\n\t\t<div class=\"elementor-element elementor-element-48ae2a8 e-grid e-con-boxed e-con e-parent\" data-id=\"48ae2a8\" data-element_type=\"container\">\n\t\t\t\t\t<div class=\"e-con-inner\">\n\t\t\t\t<div class=\"elementor-element elementor-element-d6e0a22 elementor-widget elementor-widget-text-editor\" data-id=\"d6e0a22\" data-element_type=\"widget\" data-no-translation=\"\" data-widget_type=\"text-editor.default\">\n\t\t\t\t<div class=\"elementor-widget-container\">\n\t\t\t\t\t<style>.elementor-element-d6e0a22{display:none !important}<\/style>\t\t\t\t<\/div>\n\t\t\t\t<\/div>\n\t\t\t\t<div class=\"elementor-element elementor-element-ffa4dc1 elementor-widget elementor-widget-text-editor\" data-id=\"ffa4dc1\" data-element_type=\"widget\" data-no-translation=\"\" data-widget_type=\"text-editor.default\">\n\t\t\t\t<div class=\"elementor-widget-container\">\n\t\t\t\t\t\t\t\t\t<p>M\u00e9xico City 1976. B.A. in Philosophy and Master in Mesoamerican Studies from the Universidad Nacional Aut\u00f3noma de M\u00e9xico (UNAM). Master in Humanities (specializing in Moral and Political Philosophy) from the Universidad Aut\u00f3noma Metropolitana (UAM-Iztapalapa). Ph.D in Philosophy from Leiden University, the Netherlands. His doctoral dissertation: \u201cTlamatiliztli: The wisdom of the Nahua people. Intercultural philosophy and land rights,\u201d has been published by Leiden University Press. He did postdoctoral stays at the University of Saskatchewan, Canada, in the Department of History and at the Instituto de Investigaciones Filos\u00f3ficas \u201cLuis Villoro\u201d of the Universidad Michoacana de San Nicol\u00e1s de Hidalgo. During the 2024-2025 academic year he will be a postdoctoral fellow at Harvard University at the Center for the Study of World Religions (CSWR). \u00a0<\/p><p>He taught undergraduate courses at the Faculty of Philosophy at UNAM, where he taught \u201cProblems of Philosophy in Mexico and Latin America\u201d and \u201cProblems of Philosophy of History and Social Sciences\u201d from 2013 to 2016. In 2015, he awarded the Coimbra Group Fellowship for young professors and researchers from Latin American universities.<\/p><p>He is a Research Associate of the Philosophy and Psychedelics Research Group at the University of Exeter, UK, a member of the Chacruna Institute for Psychedelic Plant Medicines, and a founding member of Via Synapsis, an academic society focused on organizing the University Congress on Psychoactive Substances at UNAM since 2014.<\/p>\t\t\t\t\t\t\t\t<\/div>\n\t\t\t\t<\/div>\n\t\t\t\t<div class=\"elementor-element elementor-element-5877fd8 elementor-widget elementor-widget-image\" data-id=\"5877fd8\" data-element_type=\"widget\" data-widget_type=\"image.default\">\n\t\t\t\t<div class=\"elementor-widget-container\">\n\t\t\t\t\t\t\t\t\t\t\t\t\t\t\t<img fetchpriority=\"high\" decoding=\"async\" width=\"683\" height=\"1024\" src=\"https:\/\/www.osirisgonzalez.com\/wp-content\/uploads\/2024\/05\/Osiris-2-BN-683x1024.jpg\" class=\"attachment-large size-large wp-image-59\" alt=\"\" srcset=\"https:\/\/www.osirisgonzalez.com\/wp-content\/uploads\/2024\/05\/Osiris-2-BN-683x1024.jpg 683w, https:\/\/www.osirisgonzalez.com\/wp-content\/uploads\/2024\/05\/Osiris-2-BN-768x1152.jpg 768w, https:\/\/www.osirisgonzalez.com\/wp-content\/uploads\/2024\/05\/Osiris-2-BN-8x12.jpg 8w, https:\/\/www.osirisgonzalez.com\/wp-content\/uploads\/2024\/05\/Osiris-2-BN-scaled.jpg 1707w\" sizes=\"(max-width: 683px) 100vw, 683px\" \/>\t\t\t\t\t\t\t\t\t\t\t\t\t\t\t<\/div>\n\t\t\t\t<\/div>\n\t\t\t\t\t<\/div>\n\t\t\t\t<\/div>\n\t\t<div class=\"elementor-element elementor-element-ca02fc9 e-con-full e-flex e-con e-parent\" data-id=\"ca02fc9\" data-element_type=\"container\">\n\t\t\t\t<div class=\"elementor-element elementor-element-fdfa01f elementor-widget elementor-widget-heading\" data-id=\"fdfa01f\" data-element_type=\"widget\" data-no-translation=\"\" data-widget_type=\"heading.default\">\n\t\t\t\t<div class=\"elementor-widget-container\">\n\t\t\t\t\t<style>.elementor-element-fdfa01f{display:none !important}<\/style>\t\t\t\t<\/div>\n\t\t\t\t<\/div>\n\t\t\t\t<div class=\"elementor-element elementor-element-1d54057 elementor-widget elementor-widget-heading\" data-id=\"1d54057\" data-element_type=\"widget\" data-no-translation=\"\" data-widget_type=\"heading.default\">\n\t\t\t\t<div class=\"elementor-widget-container\">\n\t\t\t\t\t<h1 class=\"elementor-heading-title elementor-size-default\">Academic Background<\/h1>\t\t\t\t<\/div>\n\t\t\t\t<\/div>\n\t\t\t\t<\/div>\n\t\t<div class=\"elementor-element elementor-element-16b681b e-grid e-con-full e-con e-parent\" data-id=\"16b681b\" data-element_type=\"container\">\n\t\t\t\t<div class=\"elementor-element elementor-element-ebcd622 elementor-widget elementor-widget-image\" data-id=\"ebcd622\" data-element_type=\"widget\" data-widget_type=\"image.default\">\n\t\t\t\t<div class=\"elementor-widget-container\">\n\t\t\t\t\t\t\t\t\t\t\t\t\t\t\t<img decoding=\"async\" width=\"769\" height=\"200\" src=\"https:\/\/www.osirisgonzalez.com\/wp-content\/uploads\/2024\/06\/1.Harvard.jpg\" class=\"attachment-large size-large wp-image-142\" alt=\"\" srcset=\"https:\/\/www.osirisgonzalez.com\/wp-content\/uploads\/2024\/06\/1.Harvard.jpg 769w, https:\/\/www.osirisgonzalez.com\/wp-content\/uploads\/2024\/06\/1.Harvard-18x5.jpg 18w\" sizes=\"(max-width: 769px) 100vw, 769px\" \/>\t\t\t\t\t\t\t\t\t\t\t\t\t\t\t<\/div>\n\t\t\t\t<\/div>\n\t\t\t\t<div class=\"elementor-element elementor-element-770f441 elementor-widget elementor-widget-image\" data-id=\"770f441\" data-element_type=\"widget\" data-widget_type=\"image.default\">\n\t\t\t\t<div class=\"elementor-widget-container\">\n\t\t\t\t\t\t\t\t\t\t\t\t\t\t\t<img decoding=\"async\" width=\"200\" height=\"200\" src=\"https:\/\/www.osirisgonzalez.com\/wp-content\/uploads\/2024\/06\/2.Leiden.jpg\" class=\"attachment-large size-large wp-image-134\" alt=\"\" srcset=\"https:\/\/www.osirisgonzalez.com\/wp-content\/uploads\/2024\/06\/2.Leiden.jpg 200w, https:\/\/www.osirisgonzalez.com\/wp-content\/uploads\/2024\/06\/2.Leiden-175x175.jpg 175w, https:\/\/www.osirisgonzalez.com\/wp-content\/uploads\/2024\/06\/2.Leiden-12x12.jpg 12w\" sizes=\"(max-width: 200px) 100vw, 200px\" \/>\t\t\t\t\t\t\t\t\t\t\t\t\t\t\t<\/div>\n\t\t\t\t<\/div>\n\t\t\t\t<div class=\"elementor-element elementor-element-d331476 elementor-widget elementor-widget-image\" data-id=\"d331476\" data-element_type=\"widget\" data-widget_type=\"image.default\">\n\t\t\t\t<div class=\"elementor-widget-container\">\n\t\t\t\t\t\t\t\t\t\t\t\t\t\t\t<img loading=\"lazy\" decoding=\"async\" width=\"200\" height=\"200\" src=\"https:\/\/www.osirisgonzalez.com\/wp-content\/uploads\/2024\/06\/3.Saskatchewan.jpg\" class=\"attachment-large size-large wp-image-135\" alt=\"\" srcset=\"https:\/\/www.osirisgonzalez.com\/wp-content\/uploads\/2024\/06\/3.Saskatchewan.jpg 200w, https:\/\/www.osirisgonzalez.com\/wp-content\/uploads\/2024\/06\/3.Saskatchewan-175x175.jpg 175w, https:\/\/www.osirisgonzalez.com\/wp-content\/uploads\/2024\/06\/3.Saskatchewan-12x12.jpg 12w\" sizes=\"(max-width: 200px) 100vw, 200px\" \/>\t\t\t\t\t\t\t\t\t\t\t\t\t\t\t<\/div>\n\t\t\t\t<\/div>\n\t\t\t\t<div class=\"elementor-element elementor-element-f4ffc3b elementor-widget elementor-widget-image\" data-id=\"f4ffc3b\" data-element_type=\"widget\" data-widget_type=\"image.default\">\n\t\t\t\t<div class=\"elementor-widget-container\">\n\t\t\t\t\t\t\t\t\t\t\t\t\t\t\t<img loading=\"lazy\" decoding=\"async\" width=\"200\" height=\"200\" src=\"https:\/\/www.osirisgonzalez.com\/wp-content\/uploads\/2024\/06\/4.CoimbraGroup.jpg\" class=\"attachment-large size-large wp-image-136\" alt=\"\" srcset=\"https:\/\/www.osirisgonzalez.com\/wp-content\/uploads\/2024\/06\/4.CoimbraGroup.jpg 200w, https:\/\/www.osirisgonzalez.com\/wp-content\/uploads\/2024\/06\/4.CoimbraGroup-175x175.jpg 175w, https:\/\/www.osirisgonzalez.com\/wp-content\/uploads\/2024\/06\/4.CoimbraGroup-12x12.jpg 12w\" sizes=\"(max-width: 200px) 100vw, 200px\" \/>\t\t\t\t\t\t\t\t\t\t\t\t\t\t\t<\/div>\n\t\t\t\t<\/div>\n\t\t\t\t<\/div>\n\t\t<div class=\"elementor-element elementor-element-09a726d e-grid e-con-full e-con e-parent\" data-id=\"09a726d\" data-element_type=\"container\">\n\t\t\t\t<div class=\"elementor-element elementor-element-ab19d3d elementor-widget elementor-widget-image\" data-id=\"ab19d3d\" data-element_type=\"widget\" data-widget_type=\"image.default\">\n\t\t\t\t<div class=\"elementor-widget-container\">\n\t\t\t\t\t\t\t\t\t\t\t\t\t\t\t<img loading=\"lazy\" decoding=\"async\" width=\"200\" height=\"200\" src=\"https:\/\/www.osirisgonzalez.com\/wp-content\/uploads\/2024\/06\/5.UNAM_.jpg\" class=\"attachment-large size-large wp-image-137\" alt=\"\" srcset=\"https:\/\/www.osirisgonzalez.com\/wp-content\/uploads\/2024\/06\/5.UNAM_.jpg 200w, https:\/\/www.osirisgonzalez.com\/wp-content\/uploads\/2024\/06\/5.UNAM_-175x175.jpg 175w, https:\/\/www.osirisgonzalez.com\/wp-content\/uploads\/2024\/06\/5.UNAM_-12x12.jpg 12w\" sizes=\"(max-width: 200px) 100vw, 200px\" \/>\t\t\t\t\t\t\t\t\t\t\t\t\t\t\t<\/div>\n\t\t\t\t<\/div>\n\t\t\t\t<div class=\"elementor-element elementor-element-f63346a elementor-widget elementor-widget-image\" data-id=\"f63346a\" data-element_type=\"widget\" data-widget_type=\"image.default\">\n\t\t\t\t<div class=\"elementor-widget-container\">\n\t\t\t\t\t\t\t\t\t\t\t\t\t\t\t<img loading=\"lazy\" decoding=\"async\" width=\"427\" height=\"200\" src=\"https:\/\/www.osirisgonzalez.com\/wp-content\/uploads\/2024\/06\/6.UAM_.jpg\" class=\"attachment-large size-large wp-image-138\" alt=\"\" srcset=\"https:\/\/www.osirisgonzalez.com\/wp-content\/uploads\/2024\/06\/6.UAM_.jpg 427w, https:\/\/www.osirisgonzalez.com\/wp-content\/uploads\/2024\/06\/6.UAM_-18x8.jpg 18w\" sizes=\"(max-width: 427px) 100vw, 427px\" \/>\t\t\t\t\t\t\t\t\t\t\t\t\t\t\t<\/div>\n\t\t\t\t<\/div>\n\t\t\t\t<div class=\"elementor-element elementor-element-90c05df elementor-widget elementor-widget-image\" data-id=\"90c05df\" data-element_type=\"widget\" data-widget_type=\"image.default\">\n\t\t\t\t<div class=\"elementor-widget-container\">\n\t\t\t\t\t\t\t\t\t\t\t\t\t\t\t<img loading=\"lazy\" decoding=\"async\" width=\"200\" height=\"200\" src=\"https:\/\/www.osirisgonzalez.com\/wp-content\/uploads\/2024\/06\/7.UMSNH_.jpg\" class=\"attachment-large size-large wp-image-139\" alt=\"\" srcset=\"https:\/\/www.osirisgonzalez.com\/wp-content\/uploads\/2024\/06\/7.UMSNH_.jpg 200w, https:\/\/www.osirisgonzalez.com\/wp-content\/uploads\/2024\/06\/7.UMSNH_-175x175.jpg 175w, https:\/\/www.osirisgonzalez.com\/wp-content\/uploads\/2024\/06\/7.UMSNH_-12x12.jpg 12w\" sizes=\"(max-width: 200px) 100vw, 200px\" \/>\t\t\t\t\t\t\t\t\t\t\t\t\t\t\t<\/div>\n\t\t\t\t<\/div>\n\t\t\t\t<div class=\"elementor-element elementor-element-286c8ba elementor-widget elementor-widget-image\" data-id=\"286c8ba\" data-element_type=\"widget\" data-widget_type=\"image.default\">\n\t\t\t\t<div class=\"elementor-widget-container\">\n\t\t\t\t\t\t\t\t\t\t\t\t\t\t\t<img loading=\"lazy\" decoding=\"async\" width=\"200\" height=\"200\" src=\"https:\/\/www.osirisgonzalez.com\/wp-content\/uploads\/2024\/06\/8.IIF_.jpg\" class=\"attachment-large size-large wp-image-140\" alt=\"\" srcset=\"https:\/\/www.osirisgonzalez.com\/wp-content\/uploads\/2024\/06\/8.IIF_.jpg 200w, https:\/\/www.osirisgonzalez.com\/wp-content\/uploads\/2024\/06\/8.IIF_-175x175.jpg 175w, https:\/\/www.osirisgonzalez.com\/wp-content\/uploads\/2024\/06\/8.IIF_-12x12.jpg 12w\" sizes=\"(max-width: 200px) 100vw, 200px\" \/>\t\t\t\t\t\t\t\t\t\t\t\t\t\t\t<\/div>\n\t\t\t\t<\/div>\n\t\t\t\t<\/div>\n\t\t<div class=\"elementor-element elementor-element-d564bc6 e-grid e-con-boxed e-con e-parent\" data-id=\"d564bc6\" data-element_type=\"container\">\n\t\t\t\t\t<div class=\"e-con-inner\">\n\t\t\t\t<div class=\"elementor-element elementor-element-abac99d elementor-widget elementor-widget-image\" data-id=\"abac99d\" data-element_type=\"widget\" data-widget_type=\"image.default\">\n\t\t\t\t<div class=\"elementor-widget-container\">\n\t\t\t\t\t\t\t\t\t\t\t\t\t\t\t<img decoding=\"async\" src=\"https:\/\/www.osirisgonzalez.com\/wp-content\/uploads\/elementor\/thumbs\/9.Conahcyt-qqaxq6mft9yq2vvse2et5kjhm4msb1ueustggy1vo0.jpg\" title=\"9.Conahcyt\" alt=\"9.Conahcyt\" loading=\"lazy\" \/>\t\t\t\t\t\t\t\t\t\t\t\t\t\t\t<\/div>\n\t\t\t\t<\/div>\n\t\t\t\t\t<\/div>\n\t\t\t\t<\/div>\n\t\t\t\t<\/div>","protected":false},"excerpt":{"rendered":"<p>Osiris Gonz\u00e1lez Romero Ciudad de M\u00e9xico 1976. Licenciado en Filosof\u00eda y Pasante de la Maestr\u00eda en Estudios Mesoamericanos por la Universidad Nacional Aut\u00f3noma de M\u00e9xico (UNAM). Maestro en Humanidades (con [&hellip;]<\/p>","protected":false},"author":1,"featured_media":0,"parent":0,"menu_order":0,"comment_status":"closed","ping_status":"closed","template":"","meta":{"footnotes":""},"class_list":["post-12","page","type-page","status-publish","hentry"],"_links":{"self":[{"href":"https:\/\/www.osirisgonzalez.com\/en\/wp-json\/wp\/v2\/pages\/12","targetHints":{"allow":["GET"]}}],"collection":[{"href":"https:\/\/www.osirisgonzalez.com\/en\/wp-json\/wp\/v2\/pages"}],"about":[{"href":"https:\/\/www.osirisgonzalez.com\/en\/wp-json\/wp\/v2\/types\/page"}],"author":[{"embeddable":true,"href":"https:\/\/www.osirisgonzalez.com\/en\/wp-json\/wp\/v2\/users\/1"}],"replies":[{"embeddable":true,"href":"https:\/\/www.osirisgonzalez.com\/en\/wp-json\/wp\/v2\/comments?post=12"}],"version-history":[{"count":109,"href":"https:\/\/www.osirisgonzalez.com\/en\/wp-json\/wp\/v2\/pages\/12\/revisions"}],"predecessor-version":[{"id":163,"href":"https:\/\/www.osirisgonzalez.com\/en\/wp-json\/wp\/v2\/pages\/12\/revisions\/163"}],"wp:attachment":[{"href":"https:\/\/www.osirisgonzalez.com\/en\/wp-json\/wp\/v2\/media?parent=12"}],"curies":[{"name":"wp","href":"https:\/\/api.w.org\/{rel}","templated":true}]}}